{"id":240,"date":"2019-11-03T06:11:47","date_gmt":"2019-11-03T06:11:47","guid":{"rendered":"https:\/\/x-theme.net\/avas-agency\/?page_id=240"},"modified":"2026-01-14T19:22:18","modified_gmt":"2026-01-14T19:22:18","slug":"about-us","status":"publish","type":"page","link":"https:\/\/rinprojekt.com\/?page_id=240","title":{"rendered":"Rreth Nesh"},"content":{"rendered":"\t\t<div data-elementor-type=\"wp-page\" data-elementor-id=\"240\" class=\"elementor elementor-240\">\n\t\t\t\t\t\t<section class=\"elementor-section elementor-top-section elementor-element elementor-element-6515150f elementor-section-stretched elementor-section-boxed elementor-section-height-default elementor-section-height-default\" data-id=\"6515150f\" data-element_type=\"section\" data-settings=\"{&quot;stretch_section&quot;:&quot;section-stretched&quot;,&quot;background_background&quot;:&quot;classic&quot;,&quot;shape_divider_top&quot;:&quot;mountains&quot;}\">\n\t\t\t\t\t<div class=\"elementor-shape elementor-shape-top\" aria-hidden=\"true\" data-negative=\"false\">\n\t\t\t<svg xmlns=\"http:\/\/www.w3.org\/2000\/svg\" viewBox=\"0 0 1000 100\" preserveAspectRatio=\"none\">\n\t<path class=\"elementor-shape-fill\" opacity=\"0.33\" d=\"M473,67.3c-203.9,88.3-263.1-34-320.3,0C66,119.1,0,59.7,0,59.7V0h1000v59.7 c0,0-62.1,26.1-94.9,29.3c-32.8,3.3-62.8-12.3-75.8-22.1C806,49.6,745.3,8.7,694.9,4.7S492.4,59,473,67.3z\"\/>\n\t<path class=\"elementor-shape-fill\" opacity=\"0.66\" d=\"M734,67.3c-45.5,0-77.2-23.2-129.1-39.1c-28.6-8.7-150.3-10.1-254,39.1 s-91.7-34.4-149.2,0C115.7,118.3,0,39.8,0,39.8V0h1000v36.5c0,0-28.2-18.5-92.1-18.5C810.2,18.1,775.7,67.3,734,67.3z\"\/>\n\t<path class=\"elementor-shape-fill\" d=\"M766.1,28.9c-200-57.5-266,65.5-395.1,19.5C242,1.8,242,5.4,184.8,20.6C128,35.8,132.3,44.9,89.9,52.5C28.6,63.7,0,0,0,0 h1000c0,0-9.9,40.9-83.6,48.1S829.6,47,766.1,28.9z\"\/>\n<\/svg>\t\t<\/div>\n\t\t\t\t\t<div class=\"elementor-container elementor-column-gap-default\">\n\t\t\t\t\t<div class=\"elementor-column elementor-col-100 elementor-top-column elementor-element elementor-element-172f424\" data-id=\"172f424\" data-element_type=\"column\">\n\t\t\t<div class=\"elementor-widget-wrap elementor-element-populated\">\n\t\t\t\t\t\t<div class=\"elementor-element elementor-element-2da42e24 elementor-widget elementor-widget-heading\" data-id=\"2da42e24\" data-element_type=\"widget\" data-widget_type=\"heading.default\">\n\t\t\t\t\t<h4 class=\"elementor-heading-title elementor-size-default\">Kush Jemi\n\nRIN PROJECT (Recycle \u2022 Innovate \u2022 Nature) \u00ebsht\u00eb nj\u00eb studio kreative dhe mjedisore q\u00eb shnd\u00ebrron mbetjet urbane dhe industriale n\u00eb produkte t\u00eb reja, funksionale dhe artistike.\nNe besojm\u00eb se \u00e7do material i hedhur ka potencial t\u00eb dyt\u00eb dhe se dizajni mund t\u00eb jet\u00eb mjeti q\u00eb lidh kreativitetin me p\u00ebrgjegj\u00ebsin\u00eb ndaj natyr\u00ebs.\n\nEkipi yn\u00eb p\u00ebrb\u00ebhet nga dizajner\u00eb, mjesht\u00ebr artizanal\u00eb dhe profesionist\u00eb t\u00eb rinj t\u00eb pasionuar pas teknologjis\u00eb s\u00eb gjelb\u00ebr.\nQ\u00ebllimi yn\u00eb nuk \u00ebsht\u00eb thjesht prodhimi i artikujve unik\u00eb, por krijimi i nj\u00eb l\u00ebvizjeje q\u00eb frym\u00ebzon komunitetin t\u00eb mendoj\u00eb, veproj\u00eb dhe konsumoj\u00eb ndryshe.<\/h4>\t\t\t\t<\/div>\n\t\t\t\t\t<\/div>\n\t\t<\/div>\n\t\t\t\t\t<\/div>\n\t\t<\/section>\n\t\t<div class=\"elementor-element elementor-element-9236b24 e-flex e-con-boxed e-con e-parent\" data-id=\"9236b24\" data-element_type=\"container\">\n\t\t\t\t\t<div class=\"e-con-inner\">\n\t\t\t\t<div class=\"elementor-element elementor-element-3138a9c elementor-widget elementor-widget-image\" data-id=\"3138a9c\" data-element_type=\"widget\" data-widget_type=\"image.default\">\n\t\t\t\t\t\t\t\t\t\t\t\t\t\t\t<img fetchpriority=\"high\" decoding=\"async\" width=\"1024\" height=\"1024\" src=\"https:\/\/rinprojekt.com\/wp-content\/uploads\/2026\/01\/Eco-Innovation-Business-Logo-Rin-Projekt-1-1024x1024.png\" class=\"attachment-large size-large wp-image-423\" alt=\"\" srcset=\"https:\/\/rinprojekt.com\/wp-content\/uploads\/2026\/01\/Eco-Innovation-Business-Logo-Rin-Projekt-1-1024x1024.png 1024w, https:\/\/rinprojekt.com\/wp-content\/uploads\/2026\/01\/Eco-Innovation-Business-Logo-Rin-Projekt-1-300x300.png 300w, https:\/\/rinprojekt.com\/wp-content\/uploads\/2026\/01\/Eco-Innovation-Business-Logo-Rin-Projekt-1-150x150.png 150w, https:\/\/rinprojekt.com\/wp-content\/uploads\/2026\/01\/Eco-Innovation-Business-Logo-Rin-Projekt-1-768x768.png 768w, https:\/\/rinprojekt.com\/wp-content\/uploads\/2026\/01\/Eco-Innovation-Business-Logo-Rin-Projekt-1-1536x1536.png 1536w, https:\/\/rinprojekt.com\/wp-content\/uploads\/2026\/01\/Eco-Innovation-Business-Logo-Rin-Projekt-1-525x525.png 525w, https:\/\/rinprojekt.com\/wp-content\/uploads\/2026\/01\/Eco-Innovation-Business-Logo-Rin-Projekt-1-80x80.png 80w, https:\/\/rinprojekt.com\/wp-content\/uploads\/2026\/01\/Eco-Innovation-Business-Logo-Rin-Projekt-1-360x360.png 360w, https:\/\/rinprojekt.com\/wp-content\/uploads\/2026\/01\/Eco-Innovation-Business-Logo-Rin-Projekt-1-373x373.png 373w, https:\/\/rinprojekt.com\/wp-content\/uploads\/2026\/01\/Eco-Innovation-Business-Logo-Rin-Projekt-1-620x620.png 620w, https:\/\/rinprojekt.com\/wp-content\/uploads\/2026\/01\/Eco-Innovation-Business-Logo-Rin-Projekt-1-460x460.png 460w, https:\/\/rinprojekt.com\/wp-content\/uploads\/2026\/01\/Eco-Innovation-Business-Logo-Rin-Projekt-1-365x365.png 365w, https:\/\/rinprojekt.com\/wp-content\/uploads\/2026\/01\/Eco-Innovation-Business-Logo-Rin-Projekt-1.png 1563w\" sizes=\"(max-width: 1024px) 100vw, 1024px\" \/>\t\t\t\t\t\t\t\t\t\t\t\t\t\t\t<\/div>\n\t\t\t\t\t<\/div>\n\t\t\t\t<\/div>\n\t\t\t\t<\/div>\n\t\t","protected":false},"excerpt":{"rendered":"<p class=\"tx-excerpt\">Kush Jemi RIN PROJECT (Recycle \u2022 Innovate \u2022 Nature) \u00ebsht\u00eb nj\u00eb studio kreative dhe mjedisore q\u00eb shnd\u00ebrron mbetjet urbane dhe industriale n\u00eb produkte t\u00eb reja, funksionale dhe artistike. Ne besojm\u00eb se \u00e7do material i hedhur...<\/p>","protected":false},"author":1,"featured_media":0,"parent":0,"menu_order":0,"comment_status":"closed","ping_status":"closed","template":"templates\/blank.php","meta":{"footnotes":""},"class_list":["post-240","page","type-page","status-publish","hentry"],"_links":{"self":[{"href":"https:\/\/rinprojekt.com\/index.php?rest_route=\/wp\/v2\/pages\/240","targetHints":{"allow":["GET"]}}],"collection":[{"href":"https:\/\/rinprojekt.com\/index.php?rest_route=\/wp\/v2\/pages"}],"about":[{"href":"https:\/\/rinprojekt.com\/index.php?rest_route=\/wp\/v2\/types\/page"}],"author":[{"embeddable":true,"href":"https:\/\/rinprojekt.com\/index.php?rest_route=\/wp\/v2\/users\/1"}],"replies":[{"embeddable":true,"href":"https:\/\/rinprojekt.com\/index.php?rest_route=%2Fwp%2Fv2%2Fcomments&post=240"}],"version-history":[{"count":5,"href":"https:\/\/rinprojekt.com\/index.php?rest_route=\/wp\/v2\/pages\/240\/revisions"}],"predecessor-version":[{"id":426,"href":"https:\/\/rinprojekt.com\/index.php?rest_route=\/wp\/v2\/pages\/240\/revisions\/426"}],"wp:attachment":[{"href":"https:\/\/rinprojekt.com\/index.php?rest_route=%2Fwp%2Fv2%2Fmedia&parent=240"}],"curies":[{"name":"wp","href":"https:\/\/api.w.org\/{rel}","templated":true}]}}